{"id":321,"date":"2020-10-07T18:38:48","date_gmt":"2020-10-07T16:38:48","guid":{"rendered":"https:\/\/colocationaparis.com\/?page_id=321"},"modified":"2024-03-01T12:25:18","modified_gmt":"2024-03-01T11:25:18","slug":"qui-sommes-nous-colocation-a-paris","status":"publish","type":"page","link":"https:\/\/colocationaparis.com\/en\/qui-sommes-nous-colocation-a-paris\/","title":{"rendered":"Who are we \u201cShared accommodation in Paris\u201d"},"content":{"rendered":"<h1 class=\"wp-block-heading\">WHO ARE WE ?<\/h1>\n\n\n\n<p>What to do when you dream of spacious accommodation, love cooking for 6, but have a reduced budget?<\/p>\n\n\n\n<p>The creators of \u201ccolocationaparis.com\u201d offer you the answer by offering the brand new free website dedicated to shared accommodation in France, connected to the social network.<\/p>\n\n\n\n<h2 class=\"wp-block-heading\">It all starts in Paris\u2026<\/h2>\n\n\n\n<p>Looking for a roommate is an obstacle course. The quest for the nugget often boils down to hours in front of a screen sifting through ads on sites with obscure mechanisms then \u2013 unexpectedly \u2013 having to take out the wallet because access to the contact details requires payment.<\/p>\n\n\n\n<p>At the beginning of 2017, on a corner of the table, in a beautiful shared apartment in a Parisian building, two students began to think.<\/p>\n\n\n\n<h2 class=\"wp-block-heading\">From this reflection was born colocationaparis.com<\/h2>\n\n\n\n<p>We&#039;re making it simpler, more community-oriented, cooler, and all completely free. In short, the social network of shared accommodation that did not exist.<\/p>\n\n\n\n<blockquote class=\"wp-block-quote is-layout-flow wp-block-quote-is-layout-flow\">\n<p>It&#039;s a bit of a cool site for cool people. See \u201cThe Candy\u201d<\/p>\n<\/blockquote>\n\n\n\n<p>Innovating most of the time means looking at a market from a new angle. Welcome to the future, no long blind registrations only to come across dubious ads. On our cool twenty-first century site, you won&#039;t have any bad surprises. Discover freely our advertisements for offers or requests for shared accommodation full of smiles like you chat with a friend over a drink, naturally.<\/p>\n\n\n\n<blockquote class=\"wp-block-quote is-layout-flow wp-block-quote-is-layout-flow\">\n<p>Simpler, more community-oriented, cooler, and all completely free.<\/p>\n<\/blockquote>\n\n\n\n<p>A crush or want to join the shared accommodation community? Register, post your ad, start the discussion. On colocationaparis.com, everyone has an unlimited package to get to know their future roommates.<\/p>\n\n\n\n<div class=\"wp-block-group alignfull has-text-color has-background\" style=\"color:#000000;background-color:#ffffff\"><div class=\"wp-block-group__inner-container is-layout-flow wp-block-group-is-layout-flow\">\n<div style=\"height:0px\" aria-hidden=\"true\" class=\"wp-block-spacer\"><\/div>\n\n\n\n<p class=\"has-text-align-center has-small-font-size\" style=\"line-height:.9\"><strong>Need help<\/strong><\/p>\n\n\n\n<h2 class=\"wp-block-heading has-text-align-center\" id=\"schedule-a-visit\" style=\"font-size:59px;line-height:1.15\"><strong><strong>Questions ?<\/strong><\/strong><\/h2>\n\n\n\n<div class=\"wp-block-buttons has-custom-font-size has-medium-font-size is-horizontal is-content-justification-center is-layout-flex wp-container-core-buttons-is-layout-499968f5 wp-block-buttons-is-layout-flex\">\n<div class=\"wp-block-button has-custom-width wp-block-button__width-50 is-style-fill\"><a class=\"wp-block-button__link has-white-color has-text-color has-background has-link-color wp-element-button\" href=\"https:\/\/colocationaparis.com\/contactez-nous\/\" style=\"border-radius:50px;background-color:#ffc107\">Contact us<\/a><\/div>\n<\/div>\n<\/div><\/div>","protected":false},"excerpt":{"rendered":"<p>QUI SOMMES-NOUS ? Que faire lorsque l\u2019on r\u00eave d\u2019un logement spacieux, que l\u2019on aime cuisiner pour 6, mais que l\u2019on a un budget r\u00e9duit ? Les cr\u00e9ateurs de \u00ab\u00a0colocationaparis.com\u00a0\u00bb vous offrent la r\u00e9ponse en proposant le tout nouveau site internet gratuit d\u00e9di\u00e9 \u00e0 la colocation en France, branch\u00e9 r\u00e9seau social. Tout commence \u00e0 Paris&#8230; Chercher [&hellip;]<\/p>\n","protected":false},"author":1,"featured_media":0,"parent":0,"menu_order":0,"comment_status":"closed","ping_status":"closed","template":"","meta":{"footnotes":""},"class_list":["post-321","page","type-page","status-publish","hentry"],"yoast_head":"<!-- This site is optimized with the Yoast SEO plugin v24.9 - https:\/\/yoast.com\/wordpress\/plugins\/seo\/ -->\n<title>Qui sommes nous &quot;Colocation \u00e0 Paris&quot; - COLOCATION \u00c0 PARIS<\/title>\n<meta name=\"robots\" content=\"index, follow, max-snippet:-1, max-image-preview:large, max-video-preview:-1\" \/>\n<link rel=\"canonical\" href=\"https:\/\/colocationaparis.com\/en\/qui-sommes-nous-colocation-a-paris\/\" \/>\n<meta property=\"og:locale\" content=\"en_US\" \/>\n<meta property=\"og:type\" content=\"article\" \/>\n<meta property=\"og:title\" content=\"Qui sommes nous &quot;Colocation \u00e0 Paris&quot; - COLOCATION \u00c0 PARIS\" \/>\n<meta property=\"og:description\" content=\"QUI SOMMES-NOUS ? Que faire lorsque l\u2019on r\u00eave d\u2019un logement spacieux, que l\u2019on aime cuisiner pour 6, mais que l\u2019on a un budget r\u00e9duit ? Les cr\u00e9ateurs de \u00ab\u00a0colocationaparis.com\u00a0\u00bb vous offrent la r\u00e9ponse en proposant le tout nouveau site internet gratuit d\u00e9di\u00e9 \u00e0 la colocation en France, branch\u00e9 r\u00e9seau social. Tout commence \u00e0 Paris&#8230; Chercher [&hellip;]\" \/>\n<meta property=\"og:url\" content=\"https:\/\/colocationaparis.com\/en\/qui-sommes-nous-colocation-a-paris\/\" \/>\n<meta property=\"og:site_name\" content=\"COLOCATION \u00c0 PARIS\" \/>\n<meta property=\"article:publisher\" content=\"https:\/\/www.facebook.com\/Plan.location.appartement.paris\/\" \/>\n<meta property=\"article:modified_time\" content=\"2024-03-01T11:25:18+00:00\" \/>\n<meta name=\"twitter:card\" content=\"summary_large_image\" \/>\n<meta name=\"twitter:label1\" content=\"Est. reading time\" \/>\n\t<meta name=\"twitter:data1\" content=\"2 minutes\" \/>\n<script type=\"application\/ld+json\" class=\"yoast-schema-graph\">{\"@context\":\"https:\/\/schema.org\",\"@graph\":[{\"@type\":\"WebPage\",\"@id\":\"https:\/\/colocationaparis.com\/qui-sommes-nous-colocation-a-paris\/\",\"url\":\"https:\/\/colocationaparis.com\/qui-sommes-nous-colocation-a-paris\/\",\"name\":\"Qui sommes nous \\\"Colocation \u00e0 Paris\\\" - COLOCATION \u00c0 PARIS\",\"isPartOf\":{\"@id\":\"https:\/\/colocationaparis.com\/#website\"},\"datePublished\":\"2020-10-07T16:38:48+00:00\",\"dateModified\":\"2024-03-01T11:25:18+00:00\",\"breadcrumb\":{\"@id\":\"https:\/\/colocationaparis.com\/qui-sommes-nous-colocation-a-paris\/#breadcrumb\"},\"inLanguage\":\"en-US\",\"potentialAction\":[{\"@type\":\"ReadAction\",\"target\":[\"https:\/\/colocationaparis.com\/qui-sommes-nous-colocation-a-paris\/\"]}]},{\"@type\":\"BreadcrumbList\",\"@id\":\"https:\/\/colocationaparis.com\/qui-sommes-nous-colocation-a-paris\/#breadcrumb\",\"itemListElement\":[{\"@type\":\"ListItem\",\"position\":1,\"name\":\"Accueil\",\"item\":\"https:\/\/colocationaparis.com\/\"},{\"@type\":\"ListItem\",\"position\":2,\"name\":\"Qui sommes nous \u00ab\u00a0Colocation \u00e0 Paris\u00a0\u00bb\"}]},{\"@type\":\"WebSite\",\"@id\":\"https:\/\/colocationaparis.com\/#website\",\"url\":\"https:\/\/colocationaparis.com\/\",\"name\":\"Colocation \u00e0 Paris\",\"description\":\"\",\"publisher\":{\"@id\":\"https:\/\/colocationaparis.com\/#organization\"},\"potentialAction\":[{\"@type\":\"SearchAction\",\"target\":{\"@type\":\"EntryPoint\",\"urlTemplate\":\"https:\/\/colocationaparis.com\/?s={search_term_string}\"},\"query-input\":{\"@type\":\"PropertyValueSpecification\",\"valueRequired\":true,\"valueName\":\"search_term_string\"}}],\"inLanguage\":\"en-US\"},{\"@type\":\"Organization\",\"@id\":\"https:\/\/colocationaparis.com\/#organization\",\"name\":\"COLOCATION \u00c0 PARIS\",\"url\":\"https:\/\/colocationaparis.com\/\",\"logo\":{\"@type\":\"ImageObject\",\"inLanguage\":\"en-US\",\"@id\":\"https:\/\/colocationaparis.com\/#\/schema\/logo\/image\/\",\"url\":\"https:\/\/www.colocationaparis.com\/wp-content\/uploads\/2024\/10\/Capture-decran-2024-10-03-a-16.01.56.png\",\"contentUrl\":\"https:\/\/www.colocationaparis.com\/wp-content\/uploads\/2024\/10\/Capture-decran-2024-10-03-a-16.01.56.png\",\"width\":612,\"height\":98,\"caption\":\"COLOCATION \u00c0 PARIS\"},\"image\":{\"@id\":\"https:\/\/colocationaparis.com\/#\/schema\/logo\/image\/\"},\"sameAs\":[\"https:\/\/www.facebook.com\/Plan.location.appartement.paris\/\"]}]}<\/script>\n<!-- \/ Yoast SEO plugin. -->","yoast_head_json":{"title":"Who we are &quot;Shared accommodation in Paris&quot; - SHARED ACCOMMODATION IN PARIS","robots":{"index":"index","follow":"follow","max-snippet":"max-snippet:-1","max-image-preview":"max-image-preview:large","max-video-preview":"max-video-preview:-1"},"canonical":"https:\/\/colocationaparis.com\/en\/qui-sommes-nous-colocation-a-paris\/","og_locale":"en_US","og_type":"article","og_title":"Qui sommes nous \"Colocation \u00e0 Paris\" - COLOCATION \u00c0 PARIS","og_description":"QUI SOMMES-NOUS ? Que faire lorsque l\u2019on r\u00eave d\u2019un logement spacieux, que l\u2019on aime cuisiner pour 6, mais que l\u2019on a un budget r\u00e9duit ? Les cr\u00e9ateurs de \u00ab\u00a0colocationaparis.com\u00a0\u00bb vous offrent la r\u00e9ponse en proposant le tout nouveau site internet gratuit d\u00e9di\u00e9 \u00e0 la colocation en France, branch\u00e9 r\u00e9seau social. Tout commence \u00e0 Paris&#8230; Chercher [&hellip;]","og_url":"https:\/\/colocationaparis.com\/en\/qui-sommes-nous-colocation-a-paris\/","og_site_name":"COLOCATION \u00c0 PARIS","article_publisher":"https:\/\/www.facebook.com\/Plan.location.appartement.paris\/","article_modified_time":"2024-03-01T11:25:18+00:00","twitter_card":"summary_large_image","twitter_misc":{"Est. reading time":"2 minutes"},"schema":{"@context":"https:\/\/schema.org","@graph":[{"@type":"WebPage","@id":"https:\/\/colocationaparis.com\/qui-sommes-nous-colocation-a-paris\/","url":"https:\/\/colocationaparis.com\/qui-sommes-nous-colocation-a-paris\/","name":"Who we are &quot;Shared accommodation in Paris&quot; - SHARED ACCOMMODATION IN PARIS","isPartOf":{"@id":"https:\/\/colocationaparis.com\/#website"},"datePublished":"2020-10-07T16:38:48+00:00","dateModified":"2024-03-01T11:25:18+00:00","breadcrumb":{"@id":"https:\/\/colocationaparis.com\/qui-sommes-nous-colocation-a-paris\/#breadcrumb"},"inLanguage":"en-US","potentialAction":[{"@type":"ReadAction","target":["https:\/\/colocationaparis.com\/qui-sommes-nous-colocation-a-paris\/"]}]},{"@type":"BreadcrumbList","@id":"https:\/\/colocationaparis.com\/qui-sommes-nous-colocation-a-paris\/#breadcrumb","itemListElement":[{"@type":"ListItem","position":1,"name":"Accueil","item":"https:\/\/colocationaparis.com\/"},{"@type":"ListItem","position":2,"name":"Qui sommes nous \u00ab\u00a0Colocation \u00e0 Paris\u00a0\u00bb"}]},{"@type":"WebSite","@id":"https:\/\/colocationaparis.com\/#website","url":"https:\/\/colocationaparis.com\/","name":"Shared accommodation in Paris","description":"","publisher":{"@id":"https:\/\/colocationaparis.com\/#organization"},"potentialAction":[{"@type":"SearchAction","target":{"@type":"EntryPoint","urlTemplate":"https:\/\/colocationaparis.com\/?s={search_term_string}"},"query-input":{"@type":"PropertyValueSpecification","valueRequired":true,"valueName":"search_term_string"}}],"inLanguage":"en-US"},{"@type":"Organization","@id":"https:\/\/colocationaparis.com\/#organization","name":"LOCATION IN PARIS","url":"https:\/\/colocationaparis.com\/","logo":{"@type":"ImageObject","inLanguage":"en-US","@id":"https:\/\/colocationaparis.com\/#\/schema\/logo\/image\/","url":"https:\/\/www.colocationaparis.com\/wp-content\/uploads\/2024\/10\/Capture-decran-2024-10-03-a-16.01.56.png","contentUrl":"https:\/\/www.colocationaparis.com\/wp-content\/uploads\/2024\/10\/Capture-decran-2024-10-03-a-16.01.56.png","width":612,"height":98,"caption":"COLOCATION \u00c0 PARIS"},"image":{"@id":"https:\/\/colocationaparis.com\/#\/schema\/logo\/image\/"},"sameAs":["https:\/\/www.facebook.com\/Plan.location.appartement.paris\/"]}]}},"_links":{"self":[{"href":"https:\/\/colocationaparis.com\/en\/wp-json\/wp\/v2\/pages\/321","targetHints":{"allow":["GET"]}}],"collection":[{"href":"https:\/\/colocationaparis.com\/en\/wp-json\/wp\/v2\/pages"}],"about":[{"href":"https:\/\/colocationaparis.com\/en\/wp-json\/wp\/v2\/types\/page"}],"author":[{"embeddable":true,"href":"https:\/\/colocationaparis.com\/en\/wp-json\/wp\/v2\/users\/1"}],"replies":[{"embeddable":true,"href":"https:\/\/colocationaparis.com\/en\/wp-json\/wp\/v2\/comments?post=321"}],"version-history":[{"count":0,"href":"https:\/\/colocationaparis.com\/en\/wp-json\/wp\/v2\/pages\/321\/revisions"}],"wp:attachment":[{"href":"https:\/\/colocationaparis.com\/en\/wp-json\/wp\/v2\/media?parent=321"}],"curies":[{"name":"wp","href":"https:\/\/api.w.org\/{rel}","templated":true}]}}