{"id":572,"date":"2020-10-14T18:02:53","date_gmt":"2020-10-14T16:02:53","guid":{"rendered":"https:\/\/colocationaparis.com\/?page_id=572"},"modified":"2024-03-14T17:31:43","modified_gmt":"2024-03-14T16:31:43","slug":"annonces","status":"publish","type":"page","link":"https:\/\/colocationaparis.com\/en\/annonces\/","title":{"rendered":"Advertisement"},"content":{"rendered":"<blockquote class=\"wp-block-quote is-style-default has-luminous-vivid-amber-color has-text-color has-background has-link-color wp-elements-87da4114b84ef86ea629ee97a67ff5ff is-layout-flow wp-block-quote-is-layout-flow\" style=\"background-color:#fff8e2\">\n<p class=\"has-medium-font-size\"><strong>This is a recently published announcement (less than 7 days old). To contact this advertiser, you must upgrade to premium.<\/strong><\/p>\n<\/blockquote>","protected":false},"excerpt":{"rendered":"<p>This is a recently published announcement (less than 7 days old). To contact this advertiser, you must upgrade to premium.<\/p>","protected":false},"author":1,"featured_media":0,"parent":0,"menu_order":0,"comment_status":"closed","ping_status":"closed","template":"","meta":{"footnotes":""},"class_list":["post-572","page","type-page","status-publish","hentry"],"yoast_head":"<!-- This site is optimized with the Yoast SEO plugin v24.9 - https:\/\/yoast.com\/wordpress\/plugins\/seo\/ -->\n<title>Annonces - COLOCATION \u00c0 PARIS<\/title>\n<meta name=\"robots\" content=\"index, follow, max-snippet:-1, max-image-preview:large, max-video-preview:-1\" \/>\n<link rel=\"canonical\" href=\"https:\/\/colocationaparis.com\/en\/annonces\/\" \/>\n<meta property=\"og:locale\" content=\"en_US\" \/>\n<meta property=\"og:type\" content=\"article\" \/>\n<meta property=\"og:title\" content=\"Annonces - COLOCATION \u00c0 PARIS\" \/>\n<meta property=\"og:description\" content=\"Il s&rsquo;agit d&rsquo;une annonce r\u00e9cemment publi\u00e9e (datant de moins 7 jours). Pour contacter cet annonceur, vous devez passer en premium.\" \/>\n<meta property=\"og:url\" content=\"https:\/\/colocationaparis.com\/en\/annonces\/\" \/>\n<meta property=\"og:site_name\" content=\"COLOCATION \u00c0 PARIS\" \/>\n<meta property=\"article:publisher\" content=\"https:\/\/www.facebook.com\/Plan.location.appartement.paris\/\" \/>\n<meta property=\"article:modified_time\" content=\"2024-03-14T16:31:43+00:00\" \/>\n<meta name=\"twitter:card\" content=\"summary_large_image\" \/>\n<script type=\"application\/ld+json\" class=\"yoast-schema-graph\">{\"@context\":\"https:\/\/schema.org\",\"@graph\":[{\"@type\":\"WebPage\",\"@id\":\"https:\/\/colocationaparis.com\/annonces\/\",\"url\":\"https:\/\/colocationaparis.com\/annonces\/\",\"name\":\"Annonces - COLOCATION \u00c0 PARIS\",\"isPartOf\":{\"@id\":\"https:\/\/colocationaparis.com\/#website\"},\"datePublished\":\"2020-10-14T16:02:53+00:00\",\"dateModified\":\"2024-03-14T16:31:43+00:00\",\"breadcrumb\":{\"@id\":\"https:\/\/colocationaparis.com\/annonces\/#breadcrumb\"},\"inLanguage\":\"en-US\",\"potentialAction\":[{\"@type\":\"ReadAction\",\"target\":[\"https:\/\/colocationaparis.com\/annonces\/\"]}]},{\"@type\":\"BreadcrumbList\",\"@id\":\"https:\/\/colocationaparis.com\/annonces\/#breadcrumb\",\"itemListElement\":[{\"@type\":\"ListItem\",\"position\":1,\"name\":\"Accueil\",\"item\":\"https:\/\/colocationaparis.com\/\"},{\"@type\":\"ListItem\",\"position\":2,\"name\":\"Annonces\"}]},{\"@type\":\"WebSite\",\"@id\":\"https:\/\/colocationaparis.com\/#website\",\"url\":\"https:\/\/colocationaparis.com\/\",\"name\":\"Colocation \u00e0 Paris\",\"description\":\"\",\"publisher\":{\"@id\":\"https:\/\/colocationaparis.com\/#organization\"},\"potentialAction\":[{\"@type\":\"SearchAction\",\"target\":{\"@type\":\"EntryPoint\",\"urlTemplate\":\"https:\/\/colocationaparis.com\/?s={search_term_string}\"},\"query-input\":{\"@type\":\"PropertyValueSpecification\",\"valueRequired\":true,\"valueName\":\"search_term_string\"}}],\"inLanguage\":\"en-US\"},{\"@type\":\"Organization\",\"@id\":\"https:\/\/colocationaparis.com\/#organization\",\"name\":\"COLOCATION \u00c0 PARIS\",\"url\":\"https:\/\/colocationaparis.com\/\",\"logo\":{\"@type\":\"ImageObject\",\"inLanguage\":\"en-US\",\"@id\":\"https:\/\/colocationaparis.com\/#\/schema\/logo\/image\/\",\"url\":\"https:\/\/www.colocationaparis.com\/wp-content\/uploads\/2024\/10\/Capture-decran-2024-10-03-a-16.01.56.png\",\"contentUrl\":\"https:\/\/www.colocationaparis.com\/wp-content\/uploads\/2024\/10\/Capture-decran-2024-10-03-a-16.01.56.png\",\"width\":612,\"height\":98,\"caption\":\"COLOCATION \u00c0 PARIS\"},\"image\":{\"@id\":\"https:\/\/colocationaparis.com\/#\/schema\/logo\/image\/\"},\"sameAs\":[\"https:\/\/www.facebook.com\/Plan.location.appartement.paris\/\"]}]}<\/script>\n<!-- \/ Yoast SEO plugin. -->","yoast_head_json":{"title":"Advertisements - SHARED ACCOMMODATION IN PARIS","robots":{"index":"index","follow":"follow","max-snippet":"max-snippet:-1","max-image-preview":"max-image-preview:large","max-video-preview":"max-video-preview:-1"},"canonical":"https:\/\/colocationaparis.com\/en\/annonces\/","og_locale":"en_US","og_type":"article","og_title":"Annonces - COLOCATION \u00c0 PARIS","og_description":"Il s&rsquo;agit d&rsquo;une annonce r\u00e9cemment publi\u00e9e (datant de moins 7 jours). Pour contacter cet annonceur, vous devez passer en premium.","og_url":"https:\/\/colocationaparis.com\/en\/annonces\/","og_site_name":"COLOCATION \u00c0 PARIS","article_publisher":"https:\/\/www.facebook.com\/Plan.location.appartement.paris\/","article_modified_time":"2024-03-14T16:31:43+00:00","twitter_card":"summary_large_image","schema":{"@context":"https:\/\/schema.org","@graph":[{"@type":"WebPage","@id":"https:\/\/colocationaparis.com\/annonces\/","url":"https:\/\/colocationaparis.com\/annonces\/","name":"Advertisements - SHARED ACCOMMODATION IN PARIS","isPartOf":{"@id":"https:\/\/colocationaparis.com\/#website"},"datePublished":"2020-10-14T16:02:53+00:00","dateModified":"2024-03-14T16:31:43+00:00","breadcrumb":{"@id":"https:\/\/colocationaparis.com\/annonces\/#breadcrumb"},"inLanguage":"en-US","potentialAction":[{"@type":"ReadAction","target":["https:\/\/colocationaparis.com\/annonces\/"]}]},{"@type":"BreadcrumbList","@id":"https:\/\/colocationaparis.com\/annonces\/#breadcrumb","itemListElement":[{"@type":"ListItem","position":1,"name":"Accueil","item":"https:\/\/colocationaparis.com\/"},{"@type":"ListItem","position":2,"name":"Annonces"}]},{"@type":"WebSite","@id":"https:\/\/colocationaparis.com\/#website","url":"https:\/\/colocationaparis.com\/","name":"Shared accommodation in Paris","description":"","publisher":{"@id":"https:\/\/colocationaparis.com\/#organization"},"potentialAction":[{"@type":"SearchAction","target":{"@type":"EntryPoint","urlTemplate":"https:\/\/colocationaparis.com\/?s={search_term_string}"},"query-input":{"@type":"PropertyValueSpecification","valueRequired":true,"valueName":"search_term_string"}}],"inLanguage":"en-US"},{"@type":"Organization","@id":"https:\/\/colocationaparis.com\/#organization","name":"LOCATION IN PARIS","url":"https:\/\/colocationaparis.com\/","logo":{"@type":"ImageObject","inLanguage":"en-US","@id":"https:\/\/colocationaparis.com\/#\/schema\/logo\/image\/","url":"https:\/\/www.colocationaparis.com\/wp-content\/uploads\/2024\/10\/Capture-decran-2024-10-03-a-16.01.56.png","contentUrl":"https:\/\/www.colocationaparis.com\/wp-content\/uploads\/2024\/10\/Capture-decran-2024-10-03-a-16.01.56.png","width":612,"height":98,"caption":"COLOCATION \u00c0 PARIS"},"image":{"@id":"https:\/\/colocationaparis.com\/#\/schema\/logo\/image\/"},"sameAs":["https:\/\/www.facebook.com\/Plan.location.appartement.paris\/"]}]}},"_links":{"self":[{"href":"https:\/\/colocationaparis.com\/en\/wp-json\/wp\/v2\/pages\/572","targetHints":{"allow":["GET"]}}],"collection":[{"href":"https:\/\/colocationaparis.com\/en\/wp-json\/wp\/v2\/pages"}],"about":[{"href":"https:\/\/colocationaparis.com\/en\/wp-json\/wp\/v2\/types\/page"}],"author":[{"embeddable":true,"href":"https:\/\/colocationaparis.com\/en\/wp-json\/wp\/v2\/users\/1"}],"replies":[{"embeddable":true,"href":"https:\/\/colocationaparis.com\/en\/wp-json\/wp\/v2\/comments?post=572"}],"version-history":[{"count":0,"href":"https:\/\/colocationaparis.com\/en\/wp-json\/wp\/v2\/pages\/572\/revisions"}],"wp:attachment":[{"href":"https:\/\/colocationaparis.com\/en\/wp-json\/wp\/v2\/media?parent=572"}],"curies":[{"name":"wp","href":"https:\/\/api.w.org\/{rel}","templated":true}]}}